{"id":38,"date":"2021-02-11T16:33:00","date_gmt":"2021-02-11T15:33:00","guid":{"rendered":"https:\/\/motha.promoservicebeta.com\/?page_id=38"},"modified":"2021-06-03T14:24:39","modified_gmt":"2021-06-03T12:24:39","slug":"dove-siamo","status":"publish","type":"page","link":"https:\/\/www.mothasweethome.it\/it\/dove-siamo\/","title":{"rendered":"Dove siamo"},"content":{"rendered":"<div  class=\"grids-section grids-is-advanced\" style=\"--_gs-gap-desktop:0px 0px;--_gs-m-desktop:15px 0 0 0;--_gs-p-desktop:0 0 30px 0;--_gs-bg-desktop:transparent none;--_gs-bg-xp-desktop:0px;--_gs-zi-desktop:auto;--_gs-d-desktop:block;--_gs-mw-desktop:calc(100% - 0 - 0);--_gs-gap-tablet:0px 0px;--_gs-m-tablet:15px 0 0 0;--_gs-p-tablet:0 0 30px 0;--_gs-bg-tablet:transparent none;--_gs-bg-xp-tablet:0px;--_gs-zi-tablet:auto;--_gs-d-tablet:block;--_gs-mw-tablet:calc(100% - 0 - 0);--_gs-gap-mobile:0px 0px;--_gs-m-mobile:15px 0 0 0;--_gs-p-mobile:0 0 30px 0;--_gs-bg-mobile:transparent none;--_gs-bg-xp-mobile:0px;--_gs-zi-mobile:auto;--_gs-d-mobile:block;--_gs-mw-mobile:calc(100% - 0 - 0);--_gs-columns:12;--_gs-rows:6\"><div class=\"grids-s-w_i\">\n<div class=\"grids-area\" style=\"--_ga-column:2\/7;--_ga-row:1\/2;--_ga-va:center;--_ga-m-desktop:0 0 0 0;--_ga-p-desktop:0 20px 0 0;--_ga-bg-desktop:transparent none;--_ga-zi-desktop:auto;--_ga-d-desktop:flex;--_ga-mw-desktop:calc(100% - 0 - 0);--_ga-m-tablet:0 0 0 0;--_ga-p-tablet:0 20px 0 0;--_ga-bg-tablet:transparent none;--_ga-zi-tablet:auto;--_ga-d-tablet:flex;--_ga-mw-tablet:calc(100% - 0 - 0);--_ga-m-mobile:0 0 0 0;--_ga-p-mobile:0 20px 0 0;--_ga-bg-mobile:transparent none;--_ga-zi-mobile:auto;--_ga-d-mobile:flex;--_ga-mw-mobile:calc(100% - 0 - 0)\">\n\n<p><strong>Motha Sweet Home<\/strong> si trova a Motta di Livenza, di fronte all\u2019<strong>Ospedale Riabilitativo <\/strong>di alta specializzazione in via Padre Leonardo Bello, a pochi passi da attrazioni turistiche e culturali, come la splendida<strong> Basilica della Madonna dei Miracoli <\/strong>(100 mt.) e dal centro storico della citt\u00e0 (500 mt.).<\/p>\n\n\n\n<p>Posizione strategica per chi ha bisogno di <strong>raggiungere comodamente a piedi l\u2019ospedale<\/strong> e di avere a poca distanza tutti i servizi di prima necessit\u00e0 come farmacia, disponibile all&#8217;interno dello stesso edificio, mentre a soli 200 mt. c&#8217;\u00e8 la possibilit\u00e0 di trovare supermercato, tabaccheria e diversi locali di ristorazione.<\/p>\n\n\n\n<p>Per i clienti che lo desiderano, all&#8217;interno del residence \u00e8 presente un centro estetico dedicato alla cura ed il benessere del corpo.<\/p>\n\n\n\n<p>La vicinanza al casello autostradale e alle principali linee di trasporto pubblico rendono il residence <strong>facilmente raggiungibile sia in auto<\/strong> che con i <strong>mezzi pubblici.<\/strong>&nbsp;<\/p>\n\n<\/div>\n\n<div class=\"grids-area\" style=\"--_ga-column:8\/12;--_ga-row:1\/2;--_ga-m-desktop:0 0 0 0;--_ga-p-desktop:0 0 0 0;--_ga-bg-desktop:transparent none;--_ga-zi-desktop:auto;--_ga-d-desktop:flex;--_ga-mw-desktop:calc(100% - 0 - 0);--_ga-m-tablet:0 0 0 0;--_ga-p-tablet:0 0 0 0;--_ga-bg-tablet:transparent none;--_ga-zi-tablet:auto;--_ga-d-tablet:flex;--_ga-mw-tablet:calc(100% - 0 - 0);--_ga-m-mobile:0 0 0 0;--_ga-p-mobile:0 0 0 0;--_ga-bg-mobile:transparent none;--_ga-zi-mobile:auto;--_ga-d-mobile:flex;--_ga-mw-mobile:calc(100% - 0 - 0)\">\n\n<figure class=\"wp-block-image size-large\"><img decoding=\"async\" width=\"1024\" height=\"1024\" src=\"https:\/\/www.mothasweethome.it\/wp-content\/uploads\/2021\/05\/Motha_residence_esterno_2-1024x1024.jpg\" alt=\"\" class=\"wp-image-3035\" srcset=\"https:\/\/www.mothasweethome.it\/wp-content\/uploads\/2021\/05\/Motha_residence_esterno_2-1024x1024.jpg 1024w, https:\/\/www.mothasweethome.it\/wp-content\/uploads\/2021\/05\/Motha_residence_esterno_2-300x300.jpg 300w, https:\/\/www.mothasweethome.it\/wp-content\/uploads\/2021\/05\/Motha_residence_esterno_2-150x150.jpg 150w, https:\/\/www.mothasweethome.it\/wp-content\/uploads\/2021\/05\/Motha_residence_esterno_2-768x768.jpg 768w, https:\/\/www.mothasweethome.it\/wp-content\/uploads\/2021\/05\/Motha_residence_esterno_2-1536x1536.jpg 1536w, https:\/\/www.mothasweethome.it\/wp-content\/uploads\/2021\/05\/Motha_residence_esterno_2-1568x1568.jpg 1568w, https:\/\/www.mothasweethome.it\/wp-content\/uploads\/2021\/05\/Motha_residence_esterno_2.jpg 1600w\" sizes=\"(max-width: 1024px) 100vw, 1024px\" \/><\/figure>\n\n<\/div>\n<\/div><\/div>\n\n<div  class=\"grids-section grids-is-advanced\" style=\"--_gs-gap-desktop:0px 0px;--_gs-m-desktop:0 0 15px 0;--_gs-p-desktop:0 0 0 0;--_gs-bg-desktop:transparent none;--_gs-bg-xp-desktop:0px;--_gs-zi-desktop:auto;--_gs-d-desktop:block;--_gs-mw-desktop:calc(100% - 0 - 0);--_gs-gap-tablet:0px 0px;--_gs-m-tablet:0 0 15px 0;--_gs-p-tablet:0 0 0 0;--_gs-bg-tablet:transparent none;--_gs-bg-xp-tablet:0px;--_gs-zi-tablet:auto;--_gs-d-tablet:block;--_gs-mw-tablet:calc(100% - 0 - 0);--_gs-gap-mobile:0px 0px;--_gs-m-mobile:0 0 15px 0;--_gs-p-mobile:0 0 0 0;--_gs-bg-mobile:transparent none;--_gs-bg-xp-mobile:0px;--_gs-zi-mobile:auto;--_gs-d-mobile:block;--_gs-mw-mobile:calc(100% - 0 - 0);--_gs-columns:12;--_gs-rows:6\"><div class=\"grids-s-w_i\">\n<div class=\"grids-area\" style=\"--_ga-column:2\/12;--_ga-row:1\/2;--_ga-m-desktop:0 0 0 0;--_ga-p-desktop:0 20px 0 0;--_ga-bg-desktop:transparent none;--_ga-zi-desktop:auto;--_ga-d-desktop:flex;--_ga-mw-desktop:calc(100% - 0 - 0);--_ga-m-tablet:0 0 0 0;--_ga-p-tablet:0 20px 0 0;--_ga-bg-tablet:transparent none;--_ga-zi-tablet:auto;--_ga-d-tablet:flex;--_ga-mw-tablet:calc(100% - 0 - 0);--_ga-m-mobile:0 0 0 0;--_ga-p-mobile:0 20px 0 0;--_ga-bg-mobile:transparent none;--_ga-zi-mobile:auto;--_ga-d-mobile:flex;--_ga-mw-mobile:calc(100% - 0 - 0)\">\n\n<p>Comodo per chi arriva in macchina con il suo <strong>ampio parcheggio riservato <\/strong>e per chi si avvale dei mezzi pubblici con la Stazione Ferroviaria a 1km circa e la fermata dell\u2019autobus a pochi metri di distanza.\u00a0<br>Per rispondere alle esigenze di chi ha la necessit\u00e0 di spostarsi per trasferimenti da\/a l\u2019aeroporto o la stazione ferroviaria, \u00e8 a disposizione su prenotazione un servizio di <strong>taxi transfer.<\/strong>\u00a0\u00a0<\/p>\n\n\n\n<p><strong>Motha Sweet Home \u2013 Taxi Service<\/strong><\/p>\n\n\n\n<p>Per usufruire del servizio o avere maggiori informazioni contattateci:<\/p>\n\n\n\n<p>tel:&nbsp;<a href=\"tel:+393472609240\">+39 347 2609240&nbsp;<\/a>&nbsp;&nbsp;&nbsp;&nbsp; mail:&nbsp;<a href=\"mailto:msh.taxiservice@gmail.com\" target=\"_blank\" rel=\"noreferrer noopener\">msh.taxiservice@gmail.com<\/a><\/p>\n\n<\/div>\n<\/div><\/div>\n\n<div  class=\"grids-section grids-is-advanced\" style=\"--_gs-gap-desktop:0px 0px;--_gs-m-desktop:0 0 0 0;--_gs-p-desktop:0 0 0 0;--_gs-bg-desktop:transparent none;--_gs-bg-xp-desktop:0px;--_gs-zi-desktop:auto;--_gs-d-desktop:block;--_gs-mw-desktop:calc(100% - 0 - 0);--_gs-gap-tablet:0px 0px;--_gs-m-tablet:0 0 0 0;--_gs-p-tablet:0 0 0 0;--_gs-bg-tablet:transparent none;--_gs-bg-xp-tablet:0px;--_gs-zi-tablet:auto;--_gs-d-tablet:block;--_gs-mw-tablet:calc(100% - 0 - 0);--_gs-gap-mobile:0px 0px;--_gs-m-mobile:0 0 0 0;--_gs-p-mobile:0 0 0 0;--_gs-bg-mobile:transparent none;--_gs-bg-xp-mobile:0px;--_gs-zi-mobile:auto;--_gs-d-mobile:block;--_gs-mw-mobile:calc(100% - 0 - 0);--_gs-columns:12;--_gs-rows:6\"><div class=\"grids-s-w_i\">\n<div class=\"grids-area\" style=\"--_ga-column:2\/12;--_ga-row:1\/2;--_ga-m-desktop:0 0 0 0;--_ga-p-desktop:0 0 0 0;--_ga-bg-desktop:transparent none;--_ga-zi-desktop:auto;--_ga-d-desktop:flex;--_ga-mw-desktop:calc(100% - 0 - 0);--_ga-m-tablet:0 0 0 0;--_ga-p-tablet:0 0 0 0;--_ga-bg-tablet:transparent none;--_ga-zi-tablet:auto;--_ga-d-tablet:flex;--_ga-mw-tablet:calc(100% - 0 - 0);--_ga-m-mobile:0 0 0 0;--_ga-p-mobile:0 0 0 0;--_ga-bg-mobile:transparent none;--_ga-zi-mobile:auto;--_ga-d-mobile:flex;--_ga-mw-mobile:calc(100% - 0 - 0)\">\n\n<iframe src=\"https:\/\/www.google.com\/maps\/embed?pb=!1m18!1m12!1m3!1d1391.4408268742545!2d12.596215358335437!3d45.773561965606746!2m3!1f0!2f0!3f0!3m2!1i1024!2i768!4f13.1!3m3!1m2!1s0x47795e8383c03567%3A0x6c6ac0b20a3e8e69!2sVia%20Padre%20L.%20Bello%2C%2032%2C%2031045%20Motta%20di%20Livenza%20TV!5e0!3m2!1sit!2sit!4v1622447237955!5m2!1sit!2sit\" width=\"auto\" height=\"600\" style=\"border:0;\" allowfullscreen=\"\" loading=\"lazy\"><\/iframe>\n\n<\/div>\n<\/div><\/div>\n\n\n\n","protected":false},"excerpt":{"rendered":"","protected":false},"author":1,"featured_media":3045,"parent":0,"menu_order":0,"comment_status":"closed","ping_status":"closed","template":"","meta":{"_acf_changed":false,"advgb_blocks_editor_width":"","advgb_blocks_columns_visual_guide":"","footnotes":""},"class_list":["post-38","page","type-page","status-publish","has-post-thumbnail","hentry","entry"],"acf":[],"yoast_head":"<!-- This site is optimized with the Yoast SEO plugin v26.0 - https:\/\/yoast.com\/wordpress\/plugins\/seo\/ -->\n<title>Dove siamo - Motha Sweet Home -<\/title>\n<meta name=\"description\" content=\"Scopri come raggiungere gli appartamenti Motha Sweet Home, che si trovano a Motta di Livenza in via Padre Leonardo Bello.\" \/>\n<meta name=\"robots\" content=\"index, follow, max-snippet:-1, max-image-preview:large, max-video-preview:-1\" \/>\n<link rel=\"canonical\" href=\"https:\/\/www.mothasweethome.it\/it\/dove-siamo\/\" \/>\n<meta property=\"og:locale\" content=\"it_IT\" \/>\n<meta property=\"og:type\" content=\"article\" \/>\n<meta property=\"og:title\" content=\"Dove siamo - Motha Sweet Home -\" \/>\n<meta property=\"og:description\" content=\"Scopri come raggiungere gli appartamenti Motha Sweet Home, che si trovano a Motta di Livenza in via Padre Leonardo Bello.\" \/>\n<meta property=\"og:url\" content=\"https:\/\/www.mothasweethome.it\/it\/dove-siamo\/\" \/>\n<meta property=\"og:site_name\" content=\"Motha Sweet Home\" \/>\n<meta property=\"article:modified_time\" content=\"2021-06-03T12:24:39+00:00\" \/>\n<meta property=\"og:image\" content=\"https:\/\/www.mothasweethome.it\/wp-content\/uploads\/2021\/05\/Motha_residence_esterno_vista_da_hotel.jpg\" \/>\n\t<meta property=\"og:image:width\" content=\"1920\" \/>\n\t<meta property=\"og:image:height\" content=\"1370\" \/>\n\t<meta property=\"og:image:type\" content=\"image\/jpeg\" \/>\n<meta name=\"twitter:card\" content=\"summary_large_image\" \/>\n<meta name=\"twitter:label1\" content=\"Tempo di lettura stimato\" \/>\n\t<meta name=\"twitter:data1\" content=\"2 minuti\" \/>\n<script type=\"application\/ld+json\" class=\"yoast-schema-graph\">{\"@context\":\"https:\/\/schema.org\",\"@graph\":[{\"@type\":\"WebPage\",\"@id\":\"https:\/\/www.mothasweethome.it\/it\/dove-siamo\/\",\"url\":\"https:\/\/www.mothasweethome.it\/it\/dove-siamo\/\",\"name\":\"Dove siamo - Motha Sweet Home -\",\"isPartOf\":{\"@id\":\"https:\/\/www.mothasweethome.it\/it\/#website\"},\"primaryImageOfPage\":{\"@id\":\"https:\/\/www.mothasweethome.it\/it\/dove-siamo\/#primaryimage\"},\"image\":{\"@id\":\"https:\/\/www.mothasweethome.it\/it\/dove-siamo\/#primaryimage\"},\"thumbnailUrl\":\"https:\/\/www.mothasweethome.it\/wp-content\/uploads\/2021\/05\/Motha_residence_esterno_vista_da_hotel.jpg\",\"datePublished\":\"2021-02-11T15:33:00+00:00\",\"dateModified\":\"2021-06-03T12:24:39+00:00\",\"description\":\"Scopri come raggiungere gli appartamenti Motha Sweet Home, che si trovano a Motta di Livenza in via Padre Leonardo Bello.\",\"breadcrumb\":{\"@id\":\"https:\/\/www.mothasweethome.it\/it\/dove-siamo\/#breadcrumb\"},\"inLanguage\":\"it-IT\",\"potentialAction\":[{\"@type\":\"ReadAction\",\"target\":[\"https:\/\/www.mothasweethome.it\/it\/dove-siamo\/\"]}]},{\"@type\":\"ImageObject\",\"inLanguage\":\"it-IT\",\"@id\":\"https:\/\/www.mothasweethome.it\/it\/dove-siamo\/#primaryimage\",\"url\":\"https:\/\/www.mothasweethome.it\/wp-content\/uploads\/2021\/05\/Motha_residence_esterno_vista_da_hotel.jpg\",\"contentUrl\":\"https:\/\/www.mothasweethome.it\/wp-content\/uploads\/2021\/05\/Motha_residence_esterno_vista_da_hotel.jpg\",\"width\":1920,\"height\":1370},{\"@type\":\"BreadcrumbList\",\"@id\":\"https:\/\/www.mothasweethome.it\/it\/dove-siamo\/#breadcrumb\",\"itemListElement\":[{\"@type\":\"ListItem\",\"position\":1,\"name\":\"Home\",\"item\":\"https:\/\/www.mothasweethome.it\/it\/\"},{\"@type\":\"ListItem\",\"position\":2,\"name\":\"Dove siamo\"}]},{\"@type\":\"WebSite\",\"@id\":\"https:\/\/www.mothasweethome.it\/it\/#website\",\"url\":\"https:\/\/www.mothasweethome.it\/it\/\",\"name\":\"Motha Sweet Home\",\"description\":\"\",\"publisher\":{\"@id\":\"https:\/\/www.mothasweethome.it\/it\/#organization\"},\"potentialAction\":[{\"@type\":\"SearchAction\",\"target\":{\"@type\":\"EntryPoint\",\"urlTemplate\":\"https:\/\/www.mothasweethome.it\/it\/?s={search_term_string}\"},\"query-input\":{\"@type\":\"PropertyValueSpecification\",\"valueRequired\":true,\"valueName\":\"search_term_string\"}}],\"inLanguage\":\"it-IT\"},{\"@type\":\"Organization\",\"@id\":\"https:\/\/www.mothasweethome.it\/it\/#organization\",\"name\":\"Motha Sweet Home\",\"url\":\"https:\/\/www.mothasweethome.it\/it\/\",\"logo\":{\"@type\":\"ImageObject\",\"inLanguage\":\"it-IT\",\"@id\":\"https:\/\/www.mothasweethome.it\/it\/#\/schema\/logo\/image\/\",\"url\":\"https:\/\/www.mothasweethome.it\/wp-content\/uploads\/2021\/05\/Motha_Sweet_Home_Logo.png\",\"contentUrl\":\"https:\/\/www.mothasweethome.it\/wp-content\/uploads\/2021\/05\/Motha_Sweet_Home_Logo.png\",\"width\":430,\"height\":240,\"caption\":\"Motha Sweet Home\"},\"image\":{\"@id\":\"https:\/\/www.mothasweethome.it\/it\/#\/schema\/logo\/image\/\"}}]}<\/script>\n<!-- \/ Yoast SEO plugin. -->","yoast_head_json":{"title":"Dove siamo - Motha Sweet Home -","description":"Scopri come raggiungere gli appartamenti Motha Sweet Home, che si trovano a Motta di Livenza in via Padre Leonardo Bello.","robots":{"index":"index","follow":"follow","max-snippet":"max-snippet:-1","max-image-preview":"max-image-preview:large","max-video-preview":"max-video-preview:-1"},"canonical":"https:\/\/www.mothasweethome.it\/it\/dove-siamo\/","og_locale":"it_IT","og_type":"article","og_title":"Dove siamo - Motha Sweet Home -","og_description":"Scopri come raggiungere gli appartamenti Motha Sweet Home, che si trovano a Motta di Livenza in via Padre Leonardo Bello.","og_url":"https:\/\/www.mothasweethome.it\/it\/dove-siamo\/","og_site_name":"Motha Sweet Home","article_modified_time":"2021-06-03T12:24:39+00:00","og_image":[{"width":1920,"height":1370,"url":"https:\/\/www.mothasweethome.it\/wp-content\/uploads\/2021\/05\/Motha_residence_esterno_vista_da_hotel.jpg","type":"image\/jpeg"}],"twitter_card":"summary_large_image","twitter_misc":{"Tempo di lettura stimato":"2 minuti"},"schema":{"@context":"https:\/\/schema.org","@graph":[{"@type":"WebPage","@id":"https:\/\/www.mothasweethome.it\/it\/dove-siamo\/","url":"https:\/\/www.mothasweethome.it\/it\/dove-siamo\/","name":"Dove siamo - Motha Sweet Home -","isPartOf":{"@id":"https:\/\/www.mothasweethome.it\/it\/#website"},"primaryImageOfPage":{"@id":"https:\/\/www.mothasweethome.it\/it\/dove-siamo\/#primaryimage"},"image":{"@id":"https:\/\/www.mothasweethome.it\/it\/dove-siamo\/#primaryimage"},"thumbnailUrl":"https:\/\/www.mothasweethome.it\/wp-content\/uploads\/2021\/05\/Motha_residence_esterno_vista_da_hotel.jpg","datePublished":"2021-02-11T15:33:00+00:00","dateModified":"2021-06-03T12:24:39+00:00","description":"Scopri come raggiungere gli appartamenti Motha Sweet Home, che si trovano a Motta di Livenza in via Padre Leonardo Bello.","breadcrumb":{"@id":"https:\/\/www.mothasweethome.it\/it\/dove-siamo\/#breadcrumb"},"inLanguage":"it-IT","potentialAction":[{"@type":"ReadAction","target":["https:\/\/www.mothasweethome.it\/it\/dove-siamo\/"]}]},{"@type":"ImageObject","inLanguage":"it-IT","@id":"https:\/\/www.mothasweethome.it\/it\/dove-siamo\/#primaryimage","url":"https:\/\/www.mothasweethome.it\/wp-content\/uploads\/2021\/05\/Motha_residence_esterno_vista_da_hotel.jpg","contentUrl":"https:\/\/www.mothasweethome.it\/wp-content\/uploads\/2021\/05\/Motha_residence_esterno_vista_da_hotel.jpg","width":1920,"height":1370},{"@type":"BreadcrumbList","@id":"https:\/\/www.mothasweethome.it\/it\/dove-siamo\/#breadcrumb","itemListElement":[{"@type":"ListItem","position":1,"name":"Home","item":"https:\/\/www.mothasweethome.it\/it\/"},{"@type":"ListItem","position":2,"name":"Dove siamo"}]},{"@type":"WebSite","@id":"https:\/\/www.mothasweethome.it\/it\/#website","url":"https:\/\/www.mothasweethome.it\/it\/","name":"Motha Sweet Home","description":"","publisher":{"@id":"https:\/\/www.mothasweethome.it\/it\/#organization"},"potentialAction":[{"@type":"SearchAction","target":{"@type":"EntryPoint","urlTemplate":"https:\/\/www.mothasweethome.it\/it\/?s={search_term_string}"},"query-input":{"@type":"PropertyValueSpecification","valueRequired":true,"valueName":"search_term_string"}}],"inLanguage":"it-IT"},{"@type":"Organization","@id":"https:\/\/www.mothasweethome.it\/it\/#organization","name":"Motha Sweet Home","url":"https:\/\/www.mothasweethome.it\/it\/","logo":{"@type":"ImageObject","inLanguage":"it-IT","@id":"https:\/\/www.mothasweethome.it\/it\/#\/schema\/logo\/image\/","url":"https:\/\/www.mothasweethome.it\/wp-content\/uploads\/2021\/05\/Motha_Sweet_Home_Logo.png","contentUrl":"https:\/\/www.mothasweethome.it\/wp-content\/uploads\/2021\/05\/Motha_Sweet_Home_Logo.png","width":430,"height":240,"caption":"Motha Sweet Home"},"image":{"@id":"https:\/\/www.mothasweethome.it\/it\/#\/schema\/logo\/image\/"}}]}},"coauthors":[],"author_meta":{"author_link":"https:\/\/www.mothasweethome.it\/it\/author\/se4-h0s3\/","display_name":"se4-h0s3"},"relative_dates":{"created":"Pubblicato 5 anni fa","modified":"Aggiornato 5 anni fa"},"absolute_dates":{"created":"Pubblicato il 11\/02\/2021","modified":"Aggiornato il 03\/06\/2021"},"absolute_dates_time":{"created":"Pubblicato il 11\/02\/2021 16:33","modified":"Aggiornato il 03\/06\/2021 14:24"},"featured_img_caption":"","featured_img":"https:\/\/www.mothasweethome.it\/wp-content\/uploads\/2021\/05\/Motha_residence_esterno_vista_da_hotel-1568x1119.jpg","series_order":"","_links":{"self":[{"href":"https:\/\/www.mothasweethome.it\/it\/wp-json\/wp\/v2\/pages\/38","targetHints":{"allow":["GET"]}}],"collection":[{"href":"https:\/\/www.mothasweethome.it\/it\/wp-json\/wp\/v2\/pages"}],"about":[{"href":"https:\/\/www.mothasweethome.it\/it\/wp-json\/wp\/v2\/types\/page"}],"author":[{"embeddable":true,"href":"https:\/\/www.mothasweethome.it\/it\/wp-json\/wp\/v2\/users\/1"}],"replies":[{"embeddable":true,"href":"https:\/\/www.mothasweethome.it\/it\/wp-json\/wp\/v2\/comments?post=38"}],"version-history":[{"count":0,"href":"https:\/\/www.mothasweethome.it\/it\/wp-json\/wp\/v2\/pages\/38\/revisions"}],"wp:featuredmedia":[{"embeddable":true,"href":"https:\/\/www.mothasweethome.it\/it\/wp-json\/wp\/v2\/media\/3045"}],"wp:attachment":[{"href":"https:\/\/www.mothasweethome.it\/it\/wp-json\/wp\/v2\/media?parent=38"}],"curies":[{"name":"wp","href":"https:\/\/api.w.org\/{rel}","templated":true}]}}