{"id":3108,"date":"2021-05-21T10:35:56","date_gmt":"2021-05-21T08:35:56","guid":{"rendered":"https:\/\/motha.promoservicebeta.com\/?page_id=3108"},"modified":"2021-08-31T08:40:47","modified_gmt":"2021-08-31T06:40:47","slug":"domande-frequenti","status":"publish","type":"page","link":"https:\/\/www.mothasweethome.it\/it\/domande-frequenti\/","title":{"rendered":"Domande frequenti"},"content":{"rendered":"<div  class=\"grids-section grids-is-advanced\" style=\"--_gs-gap-desktop:0px 0px;--_gs-m-desktop:0 0 0 0;--_gs-p-desktop:30px 0 0 0;--_gs-bg-desktop:transparent none;--_gs-bg-xp-desktop:0px;--_gs-zi-desktop:auto;--_gs-d-desktop:block;--_gs-mw-desktop:calc(100% - 0 - 0);--_gs-gap-tablet:0px 0px;--_gs-m-tablet:0 0 0 0;--_gs-p-tablet:30px 0 0 0;--_gs-bg-tablet:transparent none;--_gs-bg-xp-tablet:0px;--_gs-zi-tablet:auto;--_gs-d-tablet:block;--_gs-mw-tablet:calc(100% - 0 - 0);--_gs-gap-mobile:0px 0px;--_gs-m-mobile:0 0 0 0;--_gs-p-mobile:30px 0 0 0;--_gs-bg-mobile:transparent none;--_gs-bg-xp-mobile:0px;--_gs-zi-mobile:auto;--_gs-d-mobile:block;--_gs-mw-mobile:calc(100% - 0 - 0);--_gs-columns:12;--_gs-rows:6\"><div class=\"grids-s-w_i\">\n<div class=\"grids-area\" style=\"--_ga-column:2\/8;--_ga-row:1\/2;--_ga-m-desktop:0 0 0 0;--_ga-p-desktop:0 0 0 0;--_ga-bg-desktop:transparent none;--_ga-zi-desktop:auto;--_ga-d-desktop:flex;--_ga-mw-desktop:calc(100% - 0 - 0);--_ga-m-tablet:0 0 0 0;--_ga-p-tablet:0 0 0 0;--_ga-bg-tablet:transparent none;--_ga-zi-tablet:auto;--_ga-d-tablet:flex;--_ga-mw-tablet:calc(100% - 0 - 0);--_ga-m-mobile:0 0 0 0;--_ga-p-mobile:0 0 0 0;--_ga-bg-mobile:transparent none;--_ga-zi-mobile:auto;--_ga-d-mobile:flex;--_ga-mw-mobile:calc(100% - 0 - 0)\">\n\n<h2 class=\"wp-block-heading\">Le domande pi\u00f9 frequenti<\/h2>\n\n<\/div>\n<\/div><\/div>\n\n<div  class=\"grids-section grids-is-advanced\" style=\"--_gs-gap-desktop:0px 0px;--_gs-m-desktop:0 0 0 0;--_gs-p-desktop:0 0 0 0;--_gs-bg-desktop:transparent none;--_gs-bg-xp-desktop:0px;--_gs-zi-desktop:auto;--_gs-d-desktop:block;--_gs-mw-desktop:calc(100% - 0 - 0);--_gs-gap-tablet:0px 0px;--_gs-m-tablet:0 0 0 0;--_gs-p-tablet:0 0 0 0;--_gs-bg-tablet:transparent none;--_gs-bg-xp-tablet:0px;--_gs-zi-tablet:auto;--_gs-d-tablet:block;--_gs-mw-tablet:calc(100% - 0 - 0);--_gs-gap-mobile:0px 0px;--_gs-m-mobile:0 0 0 0;--_gs-p-mobile:0 0 0 0;--_gs-bg-mobile:transparent none;--_gs-bg-xp-mobile:0px;--_gs-zi-mobile:auto;--_gs-d-mobile:block;--_gs-mw-mobile:calc(100% - 0 - 0);--_gs-columns:12;--_gs-rows:6\"><div class=\"grids-s-w_i\">\n<div class=\"grids-area\" style=\"--_ga-column:2\/12;--_ga-row:1\/2;--_ga-m-desktop:0 0 0 0;--_ga-p-desktop:0 0 0 0;--_ga-bg-desktop:transparent none;--_ga-zi-desktop:auto;--_ga-d-desktop:flex;--_ga-mw-desktop:calc(100% - 0 - 0);--_ga-m-tablet:0 0 0 0;--_ga-p-tablet:0 0 0 0;--_ga-bg-tablet:transparent none;--_ga-zi-tablet:auto;--_ga-d-tablet:flex;--_ga-mw-tablet:calc(100% - 0 - 0);--_ga-m-mobile:0 0 0 0;--_ga-p-mobile:0 0 0 0;--_ga-bg-mobile:transparent none;--_ga-zi-mobile:auto;--_ga-d-mobile:flex;--_ga-mw-mobile:calc(100% - 0 - 0)\">\n\n<div class=\"wp-block-advgb-accordions advgb-accordion-wrapper\">\n<div class=\"wp-block-advgb-accordion-item advgb-accordion-item\" style=\"margin-bottom:15px\"><div class=\"advgb-accordion-header\" style=\"background-color:#FFFFFF;color:#39414D;border-style:solid;border-width:1px;border-radius:2px\"><span class=\"advgb-accordion-header-icon\"><svg fill=\"#39414D\" xmlns=\"http:\/\/www.w3.org\/2000\/svg\" width=\"24\" height=\"24\" viewbox=\"0 0 24 24\"><path opacity=\"0.87\" fill=\"none\" d=\"M24,24H0L0,0l24,0V24z\"><\/path><path d=\"M16.59,8.59L12,13.17L7.41,8.59L6,10l6,6l6-6L16.59,8.59z\"><\/path><\/svg><\/span><h4 class=\"advgb-accordion-header-title\" style=\"color:inherit\"><strong>Gli animali domestici possono soggiornare negli appartamenti?<\/strong><\/h4><\/div><div class=\"advgb-accordion-body\" style=\"border-style:solid !important;border-width:1px !important;border-color:undefined !important;border-top:none !important;border-radius:2px !important\">\n<p>No, purtroppo non possiamo ammetterli.<\/p>\n<\/div><\/div>\n\n\n\n<div class=\"wp-block-advgb-accordion-item advgb-accordion-item\" style=\"margin-bottom:15px\"><div class=\"advgb-accordion-header\" style=\"background-color:#FFFFFF;color:#39414D;border-style:solid;border-width:1px;border-radius:2px\"><span class=\"advgb-accordion-header-icon\"><svg fill=\"#39414D\" xmlns=\"http:\/\/www.w3.org\/2000\/svg\" width=\"24\" height=\"24\" viewbox=\"0 0 24 24\"><path opacity=\"0.87\" fill=\"none\" d=\"M24,24H0L0,0l24,0V24z\"><\/path><path d=\"M16.59,8.59L12,13.17L7.41,8.59L6,10l6,6l6-6L16.59,8.59z\"><\/path><\/svg><\/span><h4 class=\"advgb-accordion-header-title\" style=\"color:inherit\"><strong>La struttura \u00e8 adatta a persone con difficolt\u00e0 motorie?<\/strong><\/h4><\/div><div class=\"advgb-accordion-body\" style=\"border-style:solid !important;border-width:1px !important;border-color:undefined !important;border-top:none !important;border-radius:2px !important\">\n<p>S\u00ec, gli spazi sono ampi e permettono facile accesso a carrozzine e persone con mobilit\u00e0 ridotta. Un ascensore \u00e8 a disposizione per raggiungere gli appartamenti superiori.<\/p>\n<\/div><\/div>\n\n\n\n<div class=\"wp-block-advgb-accordion-item advgb-accordion-item\" style=\"margin-bottom:15px\"><div class=\"advgb-accordion-header\" style=\"background-color:#FFFFFF;color:#39414D;border-style:solid;border-width:1px;border-radius:2px\"><span class=\"advgb-accordion-header-icon\"><svg fill=\"#39414D\" xmlns=\"http:\/\/www.w3.org\/2000\/svg\" width=\"24\" height=\"24\" viewbox=\"0 0 24 24\"><path opacity=\"0.87\" fill=\"none\" d=\"M24,24H0L0,0l24,0V24z\"><\/path><path d=\"M16.59,8.59L12,13.17L7.41,8.59L6,10l6,6l6-6L16.59,8.59z\"><\/path><\/svg><\/span><h4 class=\"advgb-accordion-header-title\" style=\"color:inherit\"><strong>Ci sono servizi dedicati a chi soggiorna per lungo tempo?<\/strong><\/h4><\/div><div class=\"advgb-accordion-body\" style=\"border-style:solid !important;border-width:1px !important;border-color:undefined !important;border-top:none !important;border-radius:2px !important\">\n<p>A pagamento e su richiesta possiamo fornire servizio taxi. All&#8217;ultimo piano \u00e8 presente un locale lavanderia in comune con macchine a gettone.<\/p>\n<\/div><\/div>\n\n\n\n<div class=\"wp-block-advgb-accordion-item advgb-accordion-item\" style=\"margin-bottom:15px\"><div class=\"advgb-accordion-header\" style=\"background-color:#FFFFFF;color:#39414D;border-style:solid;border-width:1px;border-radius:2px\"><span class=\"advgb-accordion-header-icon\"><svg fill=\"#39414D\" xmlns=\"http:\/\/www.w3.org\/2000\/svg\" width=\"24\" height=\"24\" viewbox=\"0 0 24 24\"><path opacity=\"0.87\" fill=\"none\" d=\"M24,24H0L0,0l24,0V24z\"><\/path><path d=\"M16.59,8.59L12,13.17L7.41,8.59L6,10l6,6l6-6L16.59,8.59z\"><\/path><\/svg><\/span><h4 class=\"advgb-accordion-header-title\" style=\"color:inherit\"><strong>Si pu\u00f2 fumare all&#8217;interno della struttura?<\/strong><\/h4><\/div><div class=\"advgb-accordion-body\" style=\"border-style:solid !important;border-width:1px !important;border-color:undefined !important;border-top:none !important;border-radius:2px !important\">\n<p>Non si pu\u00f2 fumare negli appartamenti o all\u2019interno della struttura, al massimo in terrazza o nel parcheggio.<\/p>\n<\/div><\/div>\n\n\n\n<div class=\"wp-block-advgb-accordion-item advgb-accordion-item\" style=\"margin-bottom:15px\"><div class=\"advgb-accordion-header\" style=\"background-color:#FFFFFF;color:#39414D;border-style:solid;border-width:1px;border-radius:2px\"><span class=\"advgb-accordion-header-icon\"><svg fill=\"#39414D\" xmlns=\"http:\/\/www.w3.org\/2000\/svg\" width=\"24\" height=\"24\" viewbox=\"0 0 24 24\"><path opacity=\"0.87\" fill=\"none\" d=\"M24,24H0L0,0l24,0V24z\"><\/path><path d=\"M16.59,8.59L12,13.17L7.41,8.59L6,10l6,6l6-6L16.59,8.59z\"><\/path><\/svg><\/span><h4 class=\"advgb-accordion-header-title\" style=\"color:inherit\"><strong>\u00c8 disponibile il Wi-Fi?<\/strong><\/h4><\/div><div class=\"advgb-accordion-body\" style=\"border-style:solid !important;border-width:1px !important;border-color:undefined !important;border-top:none !important;border-radius:2px !important\">\n<p>C\u2019\u00e8 il Wi-Fi che \u00e8 libero e disponibile a tutti i residenti e la password viene fornita al check in.<\/p>\n<\/div><\/div>\n\n\n\n<div class=\"wp-block-advgb-accordion-item advgb-accordion-item\" style=\"margin-bottom:15px\"><div class=\"advgb-accordion-header\" style=\"background-color:#FFFFFF;color:#39414D;border-style:solid;border-width:1px;border-radius:2px\"><span class=\"advgb-accordion-header-icon\"><svg fill=\"#39414D\" xmlns=\"http:\/\/www.w3.org\/2000\/svg\" width=\"24\" height=\"24\" viewbox=\"0 0 24 24\"><path opacity=\"0.87\" fill=\"none\" d=\"M24,24H0L0,0l24,0V24z\"><\/path><path d=\"M16.59,8.59L12,13.17L7.41,8.59L6,10l6,6l6-6L16.59,8.59z\"><\/path><\/svg><\/span><h4 class=\"advgb-accordion-header-title\" style=\"color:inherit\"><strong>Quali sono i metodi di pagamento?<\/strong><\/h4><\/div><div class=\"advgb-accordion-body\" style=\"border-style:solid !important;border-width:1px !important;border-color:undefined !important;border-top:none !important;border-radius:2px !important\">\n<p>La struttura accetta contanti, bonifico bancario (da effettuare 4 settimane prima dell&#8217;arrivo in loco), carta di credito, carta di debito e Paypal.<\/p>\n<\/div><\/div>\n\n\n\n<div class=\"wp-block-advgb-accordion-item advgb-accordion-item\" style=\"margin-bottom:15px\"><div class=\"advgb-accordion-header\" style=\"background-color:#FFFFFF;color:#39414D;border-style:solid;border-width:1px;border-radius:2px\"><span class=\"advgb-accordion-header-icon\"><svg fill=\"#39414D\" xmlns=\"http:\/\/www.w3.org\/2000\/svg\" width=\"24\" height=\"24\" viewbox=\"0 0 24 24\"><path opacity=\"0.87\" fill=\"none\" d=\"M24,24H0L0,0l24,0V24z\"><\/path><path d=\"M16.59,8.59L12,13.17L7.41,8.59L6,10l6,6l6-6L16.59,8.59z\"><\/path><\/svg><\/span><h4 class=\"advgb-accordion-header-title\" style=\"color:inherit\"><strong>\u00c8 presente il microonde nella cucina degli appartamenti?<\/strong><\/h4><\/div><div class=\"advgb-accordion-body\" style=\"border-style:solid !important;border-width:1px !important;border-color:undefined !important;border-top:none !important;border-radius:2px !important\">\n<p>Nell\u2019appartamento \u00e8 presente una cucina con forno, fornelli a induzione ma non \u00e8 previsto un microonde.<\/p>\n<\/div><\/div>\n\n\n\n<div class=\"wp-block-advgb-accordion-item advgb-accordion-item\" style=\"margin-bottom:15px\"><div class=\"advgb-accordion-header\" style=\"background-color:#FFFFFF;color:#39414D;border-style:solid;border-width:1px;border-radius:2px\"><span class=\"advgb-accordion-header-icon\"><svg fill=\"#39414D\" xmlns=\"http:\/\/www.w3.org\/2000\/svg\" width=\"24\" height=\"24\" viewbox=\"0 0 24 24\"><path opacity=\"0.87\" fill=\"none\" d=\"M24,24H0L0,0l24,0V24z\"><\/path><path d=\"M16.59,8.59L12,13.17L7.41,8.59L6,10l6,6l6-6L16.59,8.59z\"><\/path><\/svg><\/span><h4 class=\"advgb-accordion-header-title\" style=\"color:inherit\"><strong>\u00c8 presente uno stendino nella terrazza?<\/strong><\/h4><\/div><div class=\"advgb-accordion-body\" style=\"border-style:solid !important;border-width:1px !important;border-color:undefined !important;border-top:none !important;border-radius:2px !important\">\n<p>Si nella terrazza \u00e8 presente uno stendino.<\/p>\n<\/div><\/div>\n\n\n\n<div class=\"wp-block-advgb-accordion-item advgb-accordion-item\" style=\"margin-bottom:15px\"><div class=\"advgb-accordion-header\" style=\"background-color:#FFFFFF;color:#39414D;border-style:solid;border-width:1px;border-radius:2px\"><span class=\"advgb-accordion-header-icon\"><svg fill=\"#39414D\" xmlns=\"http:\/\/www.w3.org\/2000\/svg\" width=\"24\" height=\"24\" viewbox=\"0 0 24 24\"><path opacity=\"0.87\" fill=\"none\" d=\"M24,24H0L0,0l24,0V24z\"><\/path><path d=\"M16.59,8.59L12,13.17L7.41,8.59L6,10l6,6l6-6L16.59,8.59z\"><\/path><\/svg><\/span><h4 class=\"advgb-accordion-header-title\" style=\"color:inherit\"><strong>Nell&#8217;appartamento si trova una cassaforte?<\/strong><\/h4><\/div><div class=\"advgb-accordion-body\" style=\"border-style:solid !important;border-width:1px !important;border-color:undefined !important;border-top:none !important;border-radius:2px !important\">\n<p>Nell&#8217; appartamento non c&#8217;\u00e8 una cassaforte in dotazione.<\/p>\n<\/div><\/div>\n<\/div>\n\n<\/div>\n<\/div><\/div>\n\n\n\n","protected":false},"excerpt":{"rendered":"","protected":false},"author":2,"featured_media":3039,"parent":0,"menu_order":0,"comment_status":"closed","ping_status":"closed","template":"","meta":{"_acf_changed":false,"advgb_blocks_editor_width":"","advgb_blocks_columns_visual_guide":"","footnotes":""},"class_list":["post-3108","page","type-page","status-publish","has-post-thumbnail","hentry","entry"],"acf":[],"yoast_head":"<!-- This site is optimized with the Yoast SEO plugin v26.0 - https:\/\/yoast.com\/wordpress\/plugins\/seo\/ -->\n<title>Domande frequenti - Motha Sweet Home<\/title>\n<meta name=\"description\" content=\"Le risposte alle domande pi\u00f9 frequenti a proposito de soggiorno presso il residence Motha Sweet Home di Motta di Livenza.\" \/>\n<meta name=\"robots\" content=\"index, follow, max-snippet:-1, max-image-preview:large, max-video-preview:-1\" \/>\n<link rel=\"canonical\" href=\"https:\/\/www.mothasweethome.it\/it\/domande-frequenti\/\" \/>\n<meta property=\"og:locale\" content=\"it_IT\" \/>\n<meta property=\"og:type\" content=\"article\" \/>\n<meta property=\"og:title\" content=\"Domande frequenti - Motha Sweet Home\" \/>\n<meta property=\"og:description\" content=\"Le risposte alle domande pi\u00f9 frequenti a proposito de soggiorno presso il residence Motha Sweet Home di Motta di Livenza.\" \/>\n<meta property=\"og:url\" content=\"https:\/\/www.mothasweethome.it\/it\/domande-frequenti\/\" \/>\n<meta property=\"og:site_name\" content=\"Motha Sweet Home\" \/>\n<meta property=\"article:modified_time\" content=\"2021-08-31T06:40:47+00:00\" \/>\n<meta property=\"og:image\" content=\"https:\/\/www.mothasweethome.it\/wp-content\/uploads\/2021\/05\/Motha_residence_esterno_4.jpg\" \/>\n\t<meta property=\"og:image:width\" content=\"1920\" \/>\n\t<meta property=\"og:image:height\" content=\"1514\" \/>\n\t<meta property=\"og:image:type\" content=\"image\/jpeg\" \/>\n<meta name=\"twitter:card\" content=\"summary_large_image\" \/>\n<meta name=\"twitter:label1\" content=\"Tempo di lettura stimato\" \/>\n\t<meta name=\"twitter:data1\" content=\"1 minuto\" \/>\n<script type=\"application\/ld+json\" class=\"yoast-schema-graph\">{\"@context\":\"https:\/\/schema.org\",\"@graph\":[{\"@type\":\"WebPage\",\"@id\":\"https:\/\/www.mothasweethome.it\/it\/domande-frequenti\/\",\"url\":\"https:\/\/www.mothasweethome.it\/it\/domande-frequenti\/\",\"name\":\"Domande frequenti - Motha Sweet Home\",\"isPartOf\":{\"@id\":\"https:\/\/www.mothasweethome.it\/it\/#website\"},\"primaryImageOfPage\":{\"@id\":\"https:\/\/www.mothasweethome.it\/it\/domande-frequenti\/#primaryimage\"},\"image\":{\"@id\":\"https:\/\/www.mothasweethome.it\/it\/domande-frequenti\/#primaryimage\"},\"thumbnailUrl\":\"https:\/\/www.mothasweethome.it\/wp-content\/uploads\/2021\/05\/Motha_residence_esterno_4.jpg\",\"datePublished\":\"2021-05-21T08:35:56+00:00\",\"dateModified\":\"2021-08-31T06:40:47+00:00\",\"description\":\"Le risposte alle domande pi\u00f9 frequenti a proposito de soggiorno presso il residence Motha Sweet Home di Motta di Livenza.\",\"breadcrumb\":{\"@id\":\"https:\/\/www.mothasweethome.it\/it\/domande-frequenti\/#breadcrumb\"},\"inLanguage\":\"it-IT\",\"potentialAction\":[{\"@type\":\"ReadAction\",\"target\":[\"https:\/\/www.mothasweethome.it\/it\/domande-frequenti\/\"]}]},{\"@type\":\"ImageObject\",\"inLanguage\":\"it-IT\",\"@id\":\"https:\/\/www.mothasweethome.it\/it\/domande-frequenti\/#primaryimage\",\"url\":\"https:\/\/www.mothasweethome.it\/wp-content\/uploads\/2021\/05\/Motha_residence_esterno_4.jpg\",\"contentUrl\":\"https:\/\/www.mothasweethome.it\/wp-content\/uploads\/2021\/05\/Motha_residence_esterno_4.jpg\",\"width\":1920,\"height\":1514},{\"@type\":\"BreadcrumbList\",\"@id\":\"https:\/\/www.mothasweethome.it\/it\/domande-frequenti\/#breadcrumb\",\"itemListElement\":[{\"@type\":\"ListItem\",\"position\":1,\"name\":\"Home\",\"item\":\"https:\/\/www.mothasweethome.it\/it\/\"},{\"@type\":\"ListItem\",\"position\":2,\"name\":\"Domande frequenti\"}]},{\"@type\":\"WebSite\",\"@id\":\"https:\/\/www.mothasweethome.it\/it\/#website\",\"url\":\"https:\/\/www.mothasweethome.it\/it\/\",\"name\":\"Motha Sweet Home\",\"description\":\"\",\"publisher\":{\"@id\":\"https:\/\/www.mothasweethome.it\/it\/#organization\"},\"potentialAction\":[{\"@type\":\"SearchAction\",\"target\":{\"@type\":\"EntryPoint\",\"urlTemplate\":\"https:\/\/www.mothasweethome.it\/it\/?s={search_term_string}\"},\"query-input\":{\"@type\":\"PropertyValueSpecification\",\"valueRequired\":true,\"valueName\":\"search_term_string\"}}],\"inLanguage\":\"it-IT\"},{\"@type\":\"Organization\",\"@id\":\"https:\/\/www.mothasweethome.it\/it\/#organization\",\"name\":\"Motha Sweet Home\",\"url\":\"https:\/\/www.mothasweethome.it\/it\/\",\"logo\":{\"@type\":\"ImageObject\",\"inLanguage\":\"it-IT\",\"@id\":\"https:\/\/www.mothasweethome.it\/it\/#\/schema\/logo\/image\/\",\"url\":\"https:\/\/www.mothasweethome.it\/wp-content\/uploads\/2021\/05\/Motha_Sweet_Home_Logo.png\",\"contentUrl\":\"https:\/\/www.mothasweethome.it\/wp-content\/uploads\/2021\/05\/Motha_Sweet_Home_Logo.png\",\"width\":430,\"height\":240,\"caption\":\"Motha Sweet Home\"},\"image\":{\"@id\":\"https:\/\/www.mothasweethome.it\/it\/#\/schema\/logo\/image\/\"}}]}<\/script>\n<!-- \/ Yoast SEO plugin. -->","yoast_head_json":{"title":"Domande frequenti - Motha Sweet Home","description":"Le risposte alle domande pi\u00f9 frequenti a proposito de soggiorno presso il residence Motha Sweet Home di Motta di Livenza.","robots":{"index":"index","follow":"follow","max-snippet":"max-snippet:-1","max-image-preview":"max-image-preview:large","max-video-preview":"max-video-preview:-1"},"canonical":"https:\/\/www.mothasweethome.it\/it\/domande-frequenti\/","og_locale":"it_IT","og_type":"article","og_title":"Domande frequenti - Motha Sweet Home","og_description":"Le risposte alle domande pi\u00f9 frequenti a proposito de soggiorno presso il residence Motha Sweet Home di Motta di Livenza.","og_url":"https:\/\/www.mothasweethome.it\/it\/domande-frequenti\/","og_site_name":"Motha Sweet Home","article_modified_time":"2021-08-31T06:40:47+00:00","og_image":[{"width":1920,"height":1514,"url":"https:\/\/www.mothasweethome.it\/wp-content\/uploads\/2021\/05\/Motha_residence_esterno_4.jpg","type":"image\/jpeg"}],"twitter_card":"summary_large_image","twitter_misc":{"Tempo di lettura stimato":"1 minuto"},"schema":{"@context":"https:\/\/schema.org","@graph":[{"@type":"WebPage","@id":"https:\/\/www.mothasweethome.it\/it\/domande-frequenti\/","url":"https:\/\/www.mothasweethome.it\/it\/domande-frequenti\/","name":"Domande frequenti - Motha Sweet Home","isPartOf":{"@id":"https:\/\/www.mothasweethome.it\/it\/#website"},"primaryImageOfPage":{"@id":"https:\/\/www.mothasweethome.it\/it\/domande-frequenti\/#primaryimage"},"image":{"@id":"https:\/\/www.mothasweethome.it\/it\/domande-frequenti\/#primaryimage"},"thumbnailUrl":"https:\/\/www.mothasweethome.it\/wp-content\/uploads\/2021\/05\/Motha_residence_esterno_4.jpg","datePublished":"2021-05-21T08:35:56+00:00","dateModified":"2021-08-31T06:40:47+00:00","description":"Le risposte alle domande pi\u00f9 frequenti a proposito de soggiorno presso il residence Motha Sweet Home di Motta di Livenza.","breadcrumb":{"@id":"https:\/\/www.mothasweethome.it\/it\/domande-frequenti\/#breadcrumb"},"inLanguage":"it-IT","potentialAction":[{"@type":"ReadAction","target":["https:\/\/www.mothasweethome.it\/it\/domande-frequenti\/"]}]},{"@type":"ImageObject","inLanguage":"it-IT","@id":"https:\/\/www.mothasweethome.it\/it\/domande-frequenti\/#primaryimage","url":"https:\/\/www.mothasweethome.it\/wp-content\/uploads\/2021\/05\/Motha_residence_esterno_4.jpg","contentUrl":"https:\/\/www.mothasweethome.it\/wp-content\/uploads\/2021\/05\/Motha_residence_esterno_4.jpg","width":1920,"height":1514},{"@type":"BreadcrumbList","@id":"https:\/\/www.mothasweethome.it\/it\/domande-frequenti\/#breadcrumb","itemListElement":[{"@type":"ListItem","position":1,"name":"Home","item":"https:\/\/www.mothasweethome.it\/it\/"},{"@type":"ListItem","position":2,"name":"Domande frequenti"}]},{"@type":"WebSite","@id":"https:\/\/www.mothasweethome.it\/it\/#website","url":"https:\/\/www.mothasweethome.it\/it\/","name":"Motha Sweet Home","description":"","publisher":{"@id":"https:\/\/www.mothasweethome.it\/it\/#organization"},"potentialAction":[{"@type":"SearchAction","target":{"@type":"EntryPoint","urlTemplate":"https:\/\/www.mothasweethome.it\/it\/?s={search_term_string}"},"query-input":{"@type":"PropertyValueSpecification","valueRequired":true,"valueName":"search_term_string"}}],"inLanguage":"it-IT"},{"@type":"Organization","@id":"https:\/\/www.mothasweethome.it\/it\/#organization","name":"Motha Sweet Home","url":"https:\/\/www.mothasweethome.it\/it\/","logo":{"@type":"ImageObject","inLanguage":"it-IT","@id":"https:\/\/www.mothasweethome.it\/it\/#\/schema\/logo\/image\/","url":"https:\/\/www.mothasweethome.it\/wp-content\/uploads\/2021\/05\/Motha_Sweet_Home_Logo.png","contentUrl":"https:\/\/www.mothasweethome.it\/wp-content\/uploads\/2021\/05\/Motha_Sweet_Home_Logo.png","width":430,"height":240,"caption":"Motha Sweet Home"},"image":{"@id":"https:\/\/www.mothasweethome.it\/it\/#\/schema\/logo\/image\/"}}]}},"coauthors":[],"author_meta":{"author_link":"https:\/\/www.mothasweethome.it\/it\/author\/motha-admin\/","display_name":"Motha Admin"},"relative_dates":{"created":"Pubblicato 5 anni fa","modified":"Aggiornato 5 anni fa"},"absolute_dates":{"created":"Pubblicato il 21\/05\/2021","modified":"Aggiornato il 31\/08\/2021"},"absolute_dates_time":{"created":"Pubblicato il 21\/05\/2021 10:35","modified":"Aggiornato il 31\/08\/2021 08:40"},"featured_img_caption":"","featured_img":"https:\/\/www.mothasweethome.it\/wp-content\/uploads\/2021\/05\/Motha_residence_esterno_4-1568x1236.jpg","series_order":"","_links":{"self":[{"href":"https:\/\/www.mothasweethome.it\/it\/wp-json\/wp\/v2\/pages\/3108","targetHints":{"allow":["GET"]}}],"collection":[{"href":"https:\/\/www.mothasweethome.it\/it\/wp-json\/wp\/v2\/pages"}],"about":[{"href":"https:\/\/www.mothasweethome.it\/it\/wp-json\/wp\/v2\/types\/page"}],"author":[{"embeddable":true,"href":"https:\/\/www.mothasweethome.it\/it\/wp-json\/wp\/v2\/users\/2"}],"replies":[{"embeddable":true,"href":"https:\/\/www.mothasweethome.it\/it\/wp-json\/wp\/v2\/comments?post=3108"}],"version-history":[{"count":0,"href":"https:\/\/www.mothasweethome.it\/it\/wp-json\/wp\/v2\/pages\/3108\/revisions"}],"wp:featuredmedia":[{"embeddable":true,"href":"https:\/\/www.mothasweethome.it\/it\/wp-json\/wp\/v2\/media\/3039"}],"wp:attachment":[{"href":"https:\/\/www.mothasweethome.it\/it\/wp-json\/wp\/v2\/media?parent=3108"}],"curies":[{"name":"wp","href":"https:\/\/api.w.org\/{rel}","templated":true}]}}